{"id":17,"date":"2026-01-19T09:43:53","date_gmt":"2026-01-19T09:43:53","guid":{"rendered":"https:\/\/iarina026.supserv.cozmoslabs.com\/?page_id=17"},"modified":"2026-02-12T12:40:11","modified_gmt":"2026-02-12T12:40:11","slug":"cat","status":"publish","type":"page","link":"https:\/\/iarina026.supserv.cozmoslabs.com\/es\/cat\/","title":{"rendered":"Gato"},"content":{"rendered":"<div class=\"wp-block-buttons is-layout-flex wp-block-buttons-is-layout-flex\">\n<div class=\"wp-block-button\"><a class=\"wp-block-button__link wp-element-button\" href=\"https:\/\/iarina026.supserv.cozmoslabs.com\/es\/pagina-de-muestra\/\">Bot\u00f3n<\/a><\/div>\n<\/div>\n\n\n\n<figure class=\"wp-block-image size-large\"><img loading=\"lazy\" decoding=\"async\" width=\"1024\" height=\"576\" src=\"https:\/\/iarina026.supserv.cozmoslabs.com\/wp-content\/uploads\/2026\/02\/image-1024x576.png\" alt=\"Lindo gato mirando al espectador\" class=\"wp-image-62\" srcset=\"https:\/\/iarina026.supserv.cozmoslabs.com\/wp-content\/uploads\/2026\/02\/image-1024x576.png 1024w, https:\/\/iarina026.supserv.cozmoslabs.com\/wp-content\/uploads\/2026\/02\/image-300x169.png 300w, https:\/\/iarina026.supserv.cozmoslabs.com\/wp-content\/uploads\/2026\/02\/image-768x432.png 768w, https:\/\/iarina026.supserv.cozmoslabs.com\/wp-content\/uploads\/2026\/02\/image-18x10.png 18w, https:\/\/iarina026.supserv.cozmoslabs.com\/wp-content\/uploads\/2026\/02\/image.png 1200w\" sizes=\"auto, (max-width: 1024px) 100vw, 1024px\" \/><\/figure>\n\n\n\n<p>En\u00a0<strong>negro<\/strong>\u00a0cat\u00a0<strong>corre<\/strong>\u00a0<em>r\u00e1pido.<\/em><\/p>\n\n\n\n<p><strong>Las vibrisas (bigotes):<\/strong> Los bigotes de un gato son tan sensibles como las yemas de los dedos humanos. No son s\u00f3lo un adorno, sino que act\u00faan como un dispositivo de alta tecnolog\u00eda. <strong>Sistema GPS<\/strong>, detectando peque\u00f1os cambios en las corrientes de aire para ayudarles a navegar en la oscuridad total.<\/p>\n\n\n\n<p><strong>El poder curativo de los ronroneos:<\/strong> Las investigaciones sugieren que la frecuencia de los ronroneos de un gato...<strong>entre $25$ y $150$ Hertzios<\/strong>-puede mejorar la densidad \u00f3sea y favorecer la cicatrizaci\u00f3n de tendones y m\u00fasculos en los seres humanos.<\/p>\n\n\n\n<p>10%<\/p>","protected":false},"excerpt":{"rendered":"<p>The\u00a0black\u00a0cat\u00a0runs\u00a0fast. The Vibrissae (Whiskers): A cat\u2019s whiskers are as sensitive as human fingertips. They aren&#8217;t just for show; they act as a high-tech GPS system, detecting tiny changes in air currents to help them navigate in total darkness. The Healing Power of Purrs: Research suggests that the frequency of a cat\u2019s purr\u2014between $25$ and $150$ [&hellip;]<\/p>\n","protected":false},"author":1,"featured_media":0,"parent":0,"menu_order":0,"comment_status":"closed","ping_status":"closed","template":"","meta":{"footnotes":""},"class_list":["post-17","page","type-page","status-publish","hentry"],"_links":{"self":[{"href":"https:\/\/iarina026.supserv.cozmoslabs.com\/es\/wp-json\/wp\/v2\/pages\/17","targetHints":{"allow":["GET"]}}],"collection":[{"href":"https:\/\/iarina026.supserv.cozmoslabs.com\/es\/wp-json\/wp\/v2\/pages"}],"about":[{"href":"https:\/\/iarina026.supserv.cozmoslabs.com\/es\/wp-json\/wp\/v2\/types\/page"}],"author":[{"embeddable":true,"href":"https:\/\/iarina026.supserv.cozmoslabs.com\/es\/wp-json\/wp\/v2\/users\/1"}],"replies":[{"embeddable":true,"href":"https:\/\/iarina026.supserv.cozmoslabs.com\/es\/wp-json\/wp\/v2\/comments?post=17"}],"version-history":[{"count":15,"href":"https:\/\/iarina026.supserv.cozmoslabs.com\/es\/wp-json\/wp\/v2\/pages\/17\/revisions"}],"predecessor-version":[{"id":69,"href":"https:\/\/iarina026.supserv.cozmoslabs.com\/es\/wp-json\/wp\/v2\/pages\/17\/revisions\/69"}],"wp:attachment":[{"href":"https:\/\/iarina026.supserv.cozmoslabs.com\/es\/wp-json\/wp\/v2\/media?parent=17"}],"curies":[{"name":"wp","href":"https:\/\/api.w.org\/{rel}","templated":true}]}}