{"id":44,"date":"2026-01-29T10:53:42","date_gmt":"2026-01-29T10:53:42","guid":{"rendered":"https:\/\/iarina026.supserv.cozmoslabs.com\/?page_id=44"},"modified":"2026-01-29T11:54:07","modified_gmt":"2026-01-29T11:54:07","slug":"perros","status":"publish","type":"page","link":"https:\/\/iarina026.supserv.cozmoslabs.com\/es\/dogs\/","title":{"rendered":"Perros"},"content":{"rendered":"<h3 class=\"wp-block-heading\">La ciencia del \u201cmovimiento de cola\u201d<\/h3>\n\n\n\n<p>Es un mito com\u00fan que una cola que se mueve siempre significa un perro feliz. En realidad, la cola es una compleja herramienta de comunicaci\u00f3n. Las investigaciones sugieren que la <strong>direcci\u00f3n<\/strong> del meneo importa: un meneo sesgado hacia el <strong>derecha<\/strong> suele indicar sentimientos positivos (como ver a su due\u00f1o), mientras que un meneo hacia el <strong>izquierda<\/strong> puede indicar ansiedad o precauci\u00f3n.<\/p>\n\n\n\n<p><strong>Olfato Superpoderoso:<\/strong> El olfato de un perro es de $10,000$ a $100,000$ veces m\u00e1s agudo que el nuestro. Para ponerlo en perspectiva, mientras que un humano podr\u00eda notar una cucharadita de az\u00facar en su caf\u00e9, un perro podr\u00eda detectar esa misma cucharadita en <strong>dos piscinas ol\u00edmpicas<\/strong> de agua.<\/p>\n\n\n\n<p><strong>So\u00f1ar:<\/strong> Si alguna vez ha visto a su perro mover las patas mientras duerme, lo m\u00e1s probable es que est\u00e9 so\u00f1ando. Los perros entran en el <strong>REM (Movimiento Ocular R\u00e1pido)<\/strong> de sue\u00f1o igual que los humanos, y se cree que sue\u00f1an con actividades comunes como perseguir ardillas o jugar a buscarlas.<\/p>","protected":false},"excerpt":{"rendered":"<p>The Science of the &#8220;Tail Wag&#8221; It\u2019s a common myth that a wagging tail always means a happy dog. In reality, the tail is a complex communication tool. Research suggests that the direction of the wag matters: a wag biased toward the right usually indicates positive feelings (like seeing their owner), while a wag to [&hellip;]<\/p>\n","protected":false},"author":1,"featured_media":0,"parent":0,"menu_order":0,"comment_status":"closed","ping_status":"closed","template":"","meta":{"footnotes":""},"class_list":["post-44","page","type-page","status-publish","hentry"],"_links":{"self":[{"href":"https:\/\/iarina026.supserv.cozmoslabs.com\/es\/wp-json\/wp\/v2\/pages\/44","targetHints":{"allow":["GET"]}}],"collection":[{"href":"https:\/\/iarina026.supserv.cozmoslabs.com\/es\/wp-json\/wp\/v2\/pages"}],"about":[{"href":"https:\/\/iarina026.supserv.cozmoslabs.com\/es\/wp-json\/wp\/v2\/types\/page"}],"author":[{"embeddable":true,"href":"https:\/\/iarina026.supserv.cozmoslabs.com\/es\/wp-json\/wp\/v2\/users\/1"}],"replies":[{"embeddable":true,"href":"https:\/\/iarina026.supserv.cozmoslabs.com\/es\/wp-json\/wp\/v2\/comments?post=44"}],"version-history":[{"count":3,"href":"https:\/\/iarina026.supserv.cozmoslabs.com\/es\/wp-json\/wp\/v2\/pages\/44\/revisions"}],"predecessor-version":[{"id":47,"href":"https:\/\/iarina026.supserv.cozmoslabs.com\/es\/wp-json\/wp\/v2\/pages\/44\/revisions\/47"}],"wp:attachment":[{"href":"https:\/\/iarina026.supserv.cozmoslabs.com\/es\/wp-json\/wp\/v2\/media?parent=44"}],"curies":[{"name":"wp","href":"https:\/\/api.w.org\/{rel}","templated":true}]}}